{"id":12132,"date":"2014-09-24T10:45:15","date_gmt":"2014-09-24T10:45:15","guid":{"rendered":"https:\/\/keuthmann_new.vorschauseite.de\/?page_id=12132"},"modified":"2020-06-09T13:08:05","modified_gmt":"2020-06-09T13:08:05","slug":"profil","status":"publish","type":"page","link":"https:\/\/www.kbf-fruchtvertrieb.de\/?page_id=12132","title":{"rendered":"Unsere Geschichte"},"content":{"rendered":"[blank_spacer height=&#8220;70px&#8220; width=&#8220;1\/1&#8243; el_position=&#8220;first last&#8220;] [blank_spacer height=&#8220;10px&#8220; width=&#8220;1\/6&#8243; el_position=&#8220;first&#8220;] [fullwidth_text alt_background=&#8220;none&#8220; width=&#8220;2\/3&#8243;]\n<h3 style=\"text-align: center;\">Unsere Wurzeln gehen bis zur Gr\u00fcndung des Hamburger Gro\u00dfmarktes Hammerbrook zur\u00fcck. Schon Opa Borgmann beobachtete in den 1950er Jahren aufgeregt den Bau der heute denkmalgesch\u00fctzten Handelsgeb\u00e4ude. Seit drei Generationen sind wir im Lebensmittelhandel t\u00e4tig und stolz darauf auch heute noch diese Familientradition mit Herzblut fortzuf\u00fchren.<\/h3>\n[\/fullwidth_text] [blank_spacer height=&#8220;10px&#8220; width=&#8220;1\/6&#8243; el_position=&#8220;last&#8220;] [spb_single_image image=&#8220;14040&#8243; image_size=&#8220;full&#8220; frame=&#8220;noframe&#8220; intro_animation=&#8220;none&#8220; full_width=&#8220;no&#8220; lightbox=&#8220;yes&#8220; link_target=&#8220;_self&#8220; width=&#8220;1\/4&#8243; el_position=&#8220;first&#8220;] [fullwidth_text title=&#8220;Unsere Historie&#8220; alt_background=&#8220;none&#8220; width=&#8220;1\/2&#8243;]\n<p style=\"text-align: left;\"><strong><strong>2010 Er\u00f6ffnung<\/strong><\/strong><\/p>\n<p style=\"text-align: left;\"><em>Er\u00f6ffnung unseres Marktstandes<\/em> am Hamburger Gro\u00dfmarkt mit einer Verkaufsfl\u00e4che von ca. 130qm und 5 Mitarbeitern in den Bereichen Kommissionierung, Einkauf, Verkauf, B\u00fcro und Kasse<br \/>\nWir starten mit einem kleinen aber feinen Obst- und Gem\u00fcsesortiment, sowie unseren\u00a0 Bananen aus familieneigener Handreifung.<\/p>\n<p style=\"text-align: left;\"><strong><strong>2011 Sortimentserweiterung<\/strong><\/strong><\/p>\n<p style=\"text-align: left;\">langsame aber stetige <em>Sortimentserweiterung<\/em><br \/>\nSchlie\u00dflich wollen wir auch weiterhin Qualit\u00e4t und Zuverl\u00e4ssigkeit sowie ein breiteres Produktspektrum garantieren k\u00f6nnen.<\/p>\n<p style=\"text-align: left;\"><strong><strong>2012 Umzug<\/strong><\/strong><\/p>\n<p style=\"text-align: left;\"><em>Umzug innerhalb des Hamburger Gro\u00dfmarktes<\/em><br \/>\nDieses Jahr ist eine spannende Zeit. Durch unser stetiges Wachstum ben\u00f6tigen wir mehr Platz und beziehen einen gr\u00f6\u00dferen Marktstand mit einer Fl\u00e4che von ca. 525 qm. Zudem bauen wir ein neues, moderneres K\u00fchlhaus und gestalten unseren neuen Stand ansprechend mit Bildern und Logos unserer Ware. Wir d\u00fcrfen uns als einen der modernsten Verkaufsst\u00e4nde am Hamburger Gro\u00dfmarkt bezeichnen.<\/p>\n<p style=\"text-align: left;\"><strong><strong>2014 IFS Zertifizierung<\/strong><\/strong><\/p>\n<p style=\"text-align: left;\">Wir sind nun ein, auf h\u00f6herem Niveau, IFS-zertifiziertes Unternehmen.<\/p>\n<p style=\"text-align: left;\"><strong><strong>2019 K\u00fchlhausplanung<\/strong><\/strong><\/p>\n<p style=\"text-align: left;\">Wir besch\u00e4ftigen derzeit 14 Mitarbeiter und stehen in der Planung eines neuen K\u00fchlhauses, um auch zuk\u00fcnftig eine durchg\u00e4ngige K\u00fchlung gew\u00e4hrleisten zu k\u00f6nnen. Die Fertigstellung ist Ende 2019 Anfang 2020 angedacht.<\/p>\n[\/fullwidth_text] [spb_single_image image=&#8220;14037&#8243; image_size=&#8220;full&#8220; frame=&#8220;noframe&#8220; intro_animation=&#8220;none&#8220; full_width=&#8220;no&#8220; lightbox=&#8220;yes&#8220; link_target=&#8220;_self&#8220; width=&#8220;1\/4&#8243; el_position=&#8220;last&#8220;] [blank_spacer height=&#8220;30px&#8220; width=&#8220;1\/1&#8243; el_position=&#8220;first last&#8220;] [spb_parallax parallax_type=&#8220;image&#8220; bg_image=&#8220;14038&#8243; bg_type=&#8220;cover&#8220; parallax_video_height=&#8220;content-height&#8220; parallax_video_overlay=&#8220;none&#8220; parallax_image_height=&#8220;window-height&#8220; parallax_image_movement=&#8220;fixed&#8220; parallax_image_speed=&#8220;0.5&#8243; padding_horizontal=&#8220;15&#8243; alt_background=&#8220;none&#8220; width=&#8220;1\/1&#8243; el_position=&#8220;first last&#8220;]\n<p><span style=\"color: #ffffff;\">.<\/span><\/p>\n[\/spb_parallax] [blank_spacer height=&#8220;30px&#8220; width=&#8220;1\/1&#8243; el_position=&#8220;first last&#8220;] [spb_single_image image=&#8220;14051&#8243; image_size=&#8220;full&#8220; frame=&#8220;noframe&#8220; intro_animation=&#8220;none&#8220; full_width=&#8220;no&#8220; lightbox=&#8220;yes&#8220; link_target=&#8220;_self&#8220; width=&#8220;1\/4&#8243; el_position=&#8220;first&#8220;] [spb_single_image image=&#8220;14050&#8243; image_size=&#8220;full&#8220; frame=&#8220;noframe&#8220; intro_animation=&#8220;none&#8220; full_width=&#8220;no&#8220; lightbox=&#8220;yes&#8220; link_target=&#8220;_self&#8220; width=&#8220;1\/4&#8243;] [spb_single_image image=&#8220;14049&#8243; image_size=&#8220;full&#8220; frame=&#8220;noframe&#8220; intro_animation=&#8220;none&#8220; full_width=&#8220;no&#8220; lightbox=&#8220;yes&#8220; link_target=&#8220;_self&#8220; width=&#8220;1\/4&#8243;] [spb_single_image image=&#8220;14047&#8243; image_size=&#8220;full&#8220; frame=&#8220;noframe&#8220; intro_animation=&#8220;none&#8220; full_width=&#8220;no&#8220; lightbox=&#8220;yes&#8220; link_target=&#8220;_self&#8220; width=&#8220;1\/4&#8243; el_position=&#8220;last&#8220;] [blank_spacer height=&#8220;30px&#8220; width=&#8220;1\/1&#8243; el_position=&#8220;first last&#8220;]\n","protected":false},"excerpt":{"rendered":"<p>[blank_spacer height=&#8220;70px&#8220; width=&#8220;1\/1&#8243; el_position=&#8220;first last&#8220;] [blank_spacer height=&#8220;10px&#8220; width=&#8220;1\/6&#8243; el_position=&#8220;first&#8220;] [fullwidth_text alt_background=&#8220;none&#8220; width=&#8220;2\/3&#8243;] Unsere Wurzeln gehen bis zur Gr\u00fcndung des Hamburger Gro\u00dfmarktes Hammerbrook zur\u00fcck. Schon Opa Borgmann beobachtete in den 1950er Jahren aufgeregt den Bau der heute denkmalgesch\u00fctzten Handelsgeb\u00e4ude. Seit drei Generationen sind wir im Lebensmittelhandel t\u00e4tig und stolz darauf auch heute noch diese Familientradition mit Herzblut fortzuf\u00fchren. [\/fullwidth_text] [blank_spacer height=&#8220;10px&#8220; [&hellip;]<\/p>\n","protected":false},"author":1,"featured_media":0,"parent":0,"menu_order":0,"comment_status":"closed","ping_status":"closed","template":"","meta":{"footnotes":""},"_links":{"self":[{"href":"https:\/\/www.kbf-fruchtvertrieb.de\/index.php?rest_route=\/wp\/v2\/pages\/12132"}],"collection":[{"href":"https:\/\/www.kbf-fruchtvertrieb.de\/index.php?rest_route=\/wp\/v2\/pages"}],"about":[{"href":"https:\/\/www.kbf-fruchtvertrieb.de\/index.php?rest_route=\/wp\/v2\/types\/page"}],"author":[{"embeddable":true,"href":"https:\/\/www.kbf-fruchtvertrieb.de\/index.php?rest_route=\/wp\/v2\/users\/1"}],"replies":[{"embeddable":true,"href":"https:\/\/www.kbf-fruchtvertrieb.de\/index.php?rest_route=%2Fwp%2Fv2%2Fcomments&post=12132"}],"version-history":[{"count":83,"href":"https:\/\/www.kbf-fruchtvertrieb.de\/index.php?rest_route=\/wp\/v2\/pages\/12132\/revisions"}],"predecessor-version":[{"id":14108,"href":"https:\/\/www.kbf-fruchtvertrieb.de\/index.php?rest_route=\/wp\/v2\/pages\/12132\/revisions\/14108"}],"wp:attachment":[{"href":"https:\/\/www.kbf-fruchtvertrieb.de\/index.php?rest_route=%2Fwp%2Fv2%2Fmedia&parent=12132"}],"curies":[{"name":"wp","href":"https:\/\/api.w.org\/{rel}","templated":true}]}}