{"id":12172,"date":"2014-09-24T17:59:39","date_gmt":"2014-09-24T17:59:39","guid":{"rendered":"https:\/\/keuthmann_new.vorschauseite.de\/?page_id=12172"},"modified":"2018-07-03T13:38:18","modified_gmt":"2018-07-03T13:38:18","slug":"impressum","status":"publish","type":"page","link":"https:\/\/www.kbf-fruchtvertrieb.de\/?page_id=12172","title":{"rendered":"Impressum"},"content":{"rendered":"[blank_spacer height=&#8220;60px&#8220; width=&#8220;1\/1&#8243; el_position=&#8220;first last&#8220;] [spb_text_block pb_margin_bottom=&#8220;no&#8220; pb_border_bottom=&#8220;no&#8220; width=&#8220;1\/2&#8243; el_position=&#8220;first&#8220;]\n<div id=\"tobit_plaintext\">\n<p><strong>Impressum<\/strong><\/p>\n<p>KBF Fruchtvertrieb Hamburg GmbH &amp; Co. KG<br \/>\nNiederlassung Hamburg, Gro\u00dfmarkt Stand 402, Banksstrasse 28, 20097 Hamburg<br \/>\nTel. +49 (0) 40 33 01 24<br \/>\nFax +49 (0) 40 33 44 38 88<br \/>\nE-Mail: info@kbf-fruchtvertrieb.de<br \/>\nUst-Id.Nr.: DE 269 763 590<br \/>\nRegistergericht: Amtsgericht Berlin-Charlottenburg<br \/>\nRegisternummer: HRB 160542 B<\/p>\n<p>vertreten durch die pers\u00f6nlich haftende Gesellschafterin:<\/p>\n<p>KBF Fruchtvertrieb Hamburg Verwaltungs GmbH &amp; Co. KG<br \/>\nBeusselsstr. 44 N-Q<br \/>\n10553 Berlin-Fruchthof<br \/>\ndiese vertreten durch den Gesch\u00e4ftsf\u00fchrer:<\/p>\n<p>Tobias Borgmann<br \/>\nBj\u00f6rn Weihe<br \/>\nRegistergericht: Amtsgericht Berlin-Charlottenburg<br \/>\nRegisternummer: HRB 160542 B<br \/>\nZust\u00e4ndige Aufsichtsbeh\u00f6rde: Bezirksamt Berlin-Mitte<\/p>\n<\/div>\n<p>Inhaltlich Verantwortlicher gem\u00e4\u00df \u00a7 6 MDStV:<br \/>\nBj\u00f6rn Weihe<\/p>\n<p>Bildnachweis: Keuthmann, XXX, Shutterstock<\/p>\n[\/spb_text_block] [spb_text_block pb_margin_bottom=&#8220;no&#8220; pb_border_bottom=&#8220;no&#8220; width=&#8220;1\/2&#8243; el_position=&#8220;last&#8220;]\n<h3>Kontaktdetails:<\/h3>\n<p>Email: info@kbf-fruchtvertrieb.de.de<a href=\"#\" target=\"_blank\" rel=\"noopener\"><br \/>\n<\/a>Internet: http:\/\/kbf-fruchtvertrieb.de<br \/>\nTel: \u00a0+49 (0)40 33 01 24<br \/>\nFax:\u00a0+49 (0)40 33 44 38 88<\/p>\n<h3><\/h3>\n[\/spb_text_block] [spb_text_block pb_margin_bottom=&#8220;no&#8220; pb_border_bottom=&#8220;no&#8220; width=&#8220;1\/1&#8243; el_position=&#8220;first last&#8220;]\n<h3>Copyright<\/h3>\n<p>Alle Rechte vorbehalten. Texte, Bilder und Illustrationen unterliegen dem Schutz des Urheberrechts und anderer Schutzgesetze. Der Inhalt dieser Internet-Anwendung darf nicht zu kommerziellen Zwecken kopiert, verbreitet, ver\u00e4ndert oder Dritten zug\u00e4nglich gemacht werden. Soweit nicht anders angegeben, sind alle Markenzeichen markenrechtlich gesch\u00fctzt. Dies gilt insbesondere f\u00fcr das Firmenlogo.<\/p>\n<h3>Links<\/h3>\n<p>Mit Urteil vom 12. Mai 1998 hat das Landgericht Hamburg entschieden, dass Homepage-Betreiber durch die Angabe eines Links die Inhalte der gelinkten Seite ggf. mitzuverantworten haben. Dies kann &#8211; so das Landgericht &#8211; nur dadurch verhindert werden, indem man sich ausdr\u00fccklich von diesen Inhalten distanziert. Wir haben auf dieser Seite Links zu anderen Seiten im Internet gelegt. Im Zusammenhang mit s\u00e4mtlichen Links m\u00f6chten wir ausdr\u00fccklich betonen, dass wir keinerlei Einfluss auf die Gestaltung und die Inhalte der gelinkten Seiten haben. Deshalb distanzieren wir uns hiermit ausdr\u00fccklich von den Inhalten aller auf dieser Homepage gelinkten Seiten und machen uns deren Inhalte nicht zu Eigen. Diese Erkl\u00e4rung gilt f\u00fcr s\u00e4mtliche auf unserer Homepage angebrachten Links.<\/p>\n<h3>Haftungsausschluss<\/h3>\n<p>Wir haben die aufgef\u00fchrten Inhalte mit gro\u00dfer Sorgfalt zusammengestellt und gepr\u00fcft. Allerdings \u00fcbernehmen wir keine Gew\u00e4hr f\u00fcr die Vollst\u00e4ndigkeit oder Aktualit\u00e4t. F\u00fcr externe Inhalte, auf die wir hinweisen, sind wir nicht verantwortlich.<\/p>\n<p>&nbsp;<\/p>\n[\/spb_text_block] [blank_spacer height=&#8220;31px&#8220; width=&#8220;1\/1&#8243; el_position=&#8220;first last&#8220;]\n","protected":false},"excerpt":{"rendered":"<p>[blank_spacer height=&#8220;60px&#8220; width=&#8220;1\/1&#8243; el_position=&#8220;first last&#8220;] [spb_text_block pb_margin_bottom=&#8220;no&#8220; pb_border_bottom=&#8220;no&#8220; width=&#8220;1\/2&#8243; el_position=&#8220;first&#8220;] Impressum KBF Fruchtvertrieb Hamburg GmbH &amp; Co. KG Niederlassung Hamburg, Gro\u00dfmarkt Stand 402, Banksstrasse 28, 20097 Hamburg Tel. +49 (0) 40 33 01 24 Fax +49 (0) 40 33 44 38 88 E-Mail: info@kbf-fruchtvertrieb.de Ust-Id.Nr.: DE 269 763 590 Registergericht: Amtsgericht Berlin-Charlottenburg Registernummer: HRB 160542 B vertreten durch die pers\u00f6nlich [&hellip;]<\/p>\n","protected":false},"author":1,"featured_media":0,"parent":0,"menu_order":0,"comment_status":"closed","ping_status":"closed","template":"","meta":{"footnotes":""},"_links":{"self":[{"href":"https:\/\/www.kbf-fruchtvertrieb.de\/index.php?rest_route=\/wp\/v2\/pages\/12172"}],"collection":[{"href":"https:\/\/www.kbf-fruchtvertrieb.de\/index.php?rest_route=\/wp\/v2\/pages"}],"about":[{"href":"https:\/\/www.kbf-fruchtvertrieb.de\/index.php?rest_route=\/wp\/v2\/types\/page"}],"author":[{"embeddable":true,"href":"https:\/\/www.kbf-fruchtvertrieb.de\/index.php?rest_route=\/wp\/v2\/users\/1"}],"replies":[{"embeddable":true,"href":"https:\/\/www.kbf-fruchtvertrieb.de\/index.php?rest_route=%2Fwp%2Fv2%2Fcomments&post=12172"}],"version-history":[{"count":20,"href":"https:\/\/www.kbf-fruchtvertrieb.de\/index.php?rest_route=\/wp\/v2\/pages\/12172\/revisions"}],"predecessor-version":[{"id":13599,"href":"https:\/\/www.kbf-fruchtvertrieb.de\/index.php?rest_route=\/wp\/v2\/pages\/12172\/revisions\/13599"}],"wp:attachment":[{"href":"https:\/\/www.kbf-fruchtvertrieb.de\/index.php?rest_route=%2Fwp%2Fv2%2Fmedia&parent=12172"}],"curies":[{"name":"wp","href":"https:\/\/api.w.org\/{rel}","templated":true}]}}