{"id":13636,"date":"2019-10-17T09:08:20","date_gmt":"2019-10-17T09:08:20","guid":{"rendered":"http:\/\/www.kbf-fruchtvertrieb.de\/?page_id=13636"},"modified":"2020-06-09T12:36:11","modified_gmt":"2020-06-09T12:36:11","slug":"qualitaet-und-service","status":"publish","type":"page","link":"https:\/\/www.kbf-fruchtvertrieb.de\/?page_id=13636","title":{"rendered":"Service und Qualit\u00e4t"},"content":{"rendered":"[blank_spacer height=&#8220;70px&#8220; width=&#8220;1\/1&#8243; el_position=&#8220;first last&#8220;] [blank_spacer height=&#8220;10px&#8220; width=&#8220;1\/6&#8243; el_position=&#8220;first&#8220;] [fullwidth_text alt_background=&#8220;none&#8220; width=&#8220;2\/3&#8243;]\n<h4 style=\"text-align: center;\">Service und Qualit\u00e4t sind die Eckpunkte unseres Handelns. Als Resultat unserer langj\u00e4hrigen Erfahrung, begreifen wir den Lebensmittelhandel als ein komplexes und lebendiges Feld. Unsere Offenheit und Flexibilit\u00e4t spiegelt sich unter anderem\u00a0in unserer Motivation wider, stets individuell auf die wechselnden Anforderungen unserer Kunden einzugehen und sich ferner schnell den dynamischen Marktsituationen anzupassen.<\/h4>\n<div id='gallery-1' class='gallery galleryid-13636 gallery-columns-3 gallery-size-medium'><dl class='gallery-item'>\n\t\t\t<dt class='gallery-icon landscape'>\n\t\t\t<figure class=\"animated-overlay\"><img decoding=\"async\" src=\"https:\/\/www.kbf-fruchtvertrieb.de\/wp-content\/uploads\/2020\/01\/Pflaumen-1-klein-300x199.jpg\" alt=\"\" \/><a href=\"https:\/\/www.kbf-fruchtvertrieb.de\/?attachment_id=13956\"><\/a><figcaption><div class=\"thumb-info thumb-info-alt\"><i class=\"ss-search\"><\/i><\/div><\/figcaption><\/figure>\n\t\t\t<\/dt><\/dl><dl class='gallery-item'>\n\t\t\t<dt class='gallery-icon landscape'>\n\t\t\t<figure class=\"animated-overlay\"><img decoding=\"async\" src=\"https:\/\/www.kbf-fruchtvertrieb.de\/wp-content\/uploads\/2020\/01\/Obstwiese-6-mittel-300x199.jpg\" alt=\"\" \/><a href=\"https:\/\/www.kbf-fruchtvertrieb.de\/?attachment_id=13954\"><\/a><figcaption><div class=\"thumb-info thumb-info-alt\"><i class=\"ss-search\"><\/i><\/div><\/figcaption><\/figure>\n\t\t\t<\/dt><\/dl><dl class='gallery-item'>\n\t\t\t<dt class='gallery-icon landscape'>\n\t\t\t<figure class=\"animated-overlay\"><img decoding=\"async\" src=\"https:\/\/www.kbf-fruchtvertrieb.de\/wp-content\/uploads\/2020\/01\/Bl\u00fcte-1-klein-300x199.jpg\" alt=\"\" \/><a href=\"https:\/\/www.kbf-fruchtvertrieb.de\/?attachment_id=13936\"><\/a><figcaption><div class=\"thumb-info thumb-info-alt\"><i class=\"ss-search\"><\/i><\/div><\/figcaption><\/figure>\n\t\t\t<\/dt><\/dl>\n\t\t<br style='clear: both;' \/>\n\t\t<\/div>\n\n[\/fullwidth_text] [blank_spacer height=&#8220;10px&#8220; width=&#8220;1\/6&#8243; el_position=&#8220;last&#8220;] [fullwidth_text alt_background=&#8220;none&#8220; width=&#8220;2\/3&#8243; el_position=&#8220;first&#8220;]\n<p><strong>Unser Kundenstamm<\/strong><\/p>\n<p>Das Einzugsgebiet unserer qualit\u00e4tsbewussten Kundschaft erstreckt sich \u00fcber ganz Norddeutschland. Der Hamburger Gro\u00dfmarkt ist\u00a0daher die erste Adresse, wenn es um frisches Obst und Gem\u00fcse geht. Wir freuen uns zudem \u00fcber Eink\u00e4ufer auch von den Inseln R\u00fcgen und Usedom und sogar aus D\u00e4nemark. Die sehr fr\u00fchen \u00d6ffnungszeiten haben wir daher entsprechend dem gro\u00dfen Einzugsgebiet unserer Kundschaft angepasst.<\/p>\n<p>Aufgrund unserer langj\u00e4hrigen Erfahrung im Lebensmittelhandel und durch unsere weltweiten Kontakte zu Erzeugern und Lieferanten sind wir der richtige Ansprechpartner unter anderem f\u00fcr den Einzelhandel und Zulieferer f\u00fcr die Gastronomie\/Hotellerie. Gerne erarbeiten wir, im Zuge unserer Anspr\u00fcche an Service und Qualit\u00e4t,\u00a0individuelle Konzepte, welche auf die W\u00fcnsche und Bed\u00fcrfnisse unserer Kunden abgestimmt sind.<\/p>\n[\/fullwidth_text] [fullwidth_text alt_background=&#8220;none&#8220; width=&#8220;1\/3&#8243; el_position=&#8220;last&#8220;]\n<p><a href=\"https:\/\/www.kbf-fruchtvertrieb.de\/wp-content\/uploads\/2019\/12\/Gem\u00fcseherz1.jpg\"><img loading=\"lazy\" decoding=\"async\" class=\" wp-image-13918 aligncenter\" src=\"https:\/\/www.kbf-fruchtvertrieb.de\/wp-content\/uploads\/2019\/12\/Gem\u00fcseherz1-300x276.jpg\" alt=\"\" width=\"224\" height=\"206\" srcset=\"https:\/\/www.kbf-fruchtvertrieb.de\/wp-content\/uploads\/2019\/12\/Gem\u00fcseherz1-300x276.jpg 300w, https:\/\/www.kbf-fruchtvertrieb.de\/wp-content\/uploads\/2019\/12\/Gem\u00fcseherz1-768x707.jpg 768w, https:\/\/www.kbf-fruchtvertrieb.de\/wp-content\/uploads\/2019\/12\/Gem\u00fcseherz1-1024x943.jpg 1024w, https:\/\/www.kbf-fruchtvertrieb.de\/wp-content\/uploads\/2019\/12\/Gem\u00fcseherz1-1280x1178.jpg 1280w, https:\/\/www.kbf-fruchtvertrieb.de\/wp-content\/uploads\/2019\/12\/Gem\u00fcseherz1-540x497.jpg 540w\" sizes=\"(max-width: 224px) 100vw, 224px\" \/><\/a><\/p>\n[\/fullwidth_text] [fullwidth_text alt_background=&#8220;none&#8220; width=&#8220;1\/1&#8243; el_position=&#8220;first last&#8220;]\n<p><strong>Unser Service f\u00fcr Sie<\/strong><\/p>\n[\/fullwidth_text] [spb_text_block pb_margin_bottom=&#8220;no&#8220; pb_border_bottom=&#8220;no&#8220; width=&#8220;1\/3&#8243; el_position=&#8220;first&#8220;]\n<div class=\"sf-icon-box sf-icon-box-animated\"><div class=\"inner\"><div class=\"front\"><i class=\"fa-street-view sf-icon sf-icon-float-none sf-icon-large sf-icon-\"><\/i><div class=\"sf-icon-box-content-wrap clearfix\"><h3>Kunden sind Partner<\/h3><\/div><\/div><div class=\"back sf-icon-\"><table><tbody><tr><td><h3>Kunden sind Partner<\/h3><div class=\"sf-icon-box-content\"><\/p>\n<p>Wir verstehen, wie dynamisch sich der Lebensmittelhandel verh\u00e4lt und dass\u00a0somit oft schnelle L\u00f6sungen f\u00fcr sich ver\u00e4ndernde Situationen gefunden werden m\u00fcssen. Daher arbeiten wir sehr eng und pers\u00f6nlich mit unseren Kunden zusammen. Dass wir uns \u00fcber einen so\u00a0gro\u00dfen Anteil an Stammkundschaft freuen d\u00fcrfen, macht uns stolz.<\/p>\n<p><\/div><\/td><\/tr><\/tbody><\/table><\/div><\/div><\/div>\n[\/spb_text_block] [spb_text_block pb_margin_bottom=&#8220;no&#8220; pb_border_bottom=&#8220;no&#8220; width=&#8220;1\/3&#8243;]\n<div class=\"sf-icon-box sf-icon-box-animated\"><div class=\"inner\"><div class=\"front\"><i class=\"fa-comments sf-icon sf-icon-float-none sf-icon-large sf-icon-\"><\/i><div class=\"sf-icon-box-content-wrap clearfix\"><h3>Kommunikation<\/h3><\/div><\/div><div class=\"back sf-icon-\"><table><tbody><tr><td><h3>Kommunikation<\/h3><div class=\"sf-icon-box-content\"><\/p>\n<p>Unsere internationale Teamzusammensetzung erm\u00f6glicht uns auch das Einbringen zahlreicher Sprachkompetenzen. Wir freuen uns dar\u00fcber mit unseren Kunden\u00a0auf Polnisch, Griechisch, Englisch, T\u00fcrkisch und nat\u00fcrlich auch Plattdeutsch kommunizieren zu k\u00f6nnen.<\/p>\n<p><\/div><\/td><\/tr><\/tbody><\/table><\/div><\/div><\/div>\n[\/spb_text_block] [spb_text_block pb_margin_bottom=&#8220;no&#8220; pb_border_bottom=&#8220;no&#8220; width=&#8220;1\/3&#8243; el_position=&#8220;last&#8220;]\n<div class=\"sf-icon-box sf-icon-box-animated\"><div class=\"inner\"><div class=\"front\"><i class=\"fa-plane sf-icon sf-icon-float-none sf-icon-large sf-icon-\"><\/i><div class=\"sf-icon-box-content-wrap clearfix\"><h3>In der Welt zu Hause<\/h3><\/div><\/div><div class=\"back sf-icon-\"><table><tbody><tr><td><h3>In der Welt zu Hause<\/h3><div class=\"sf-icon-box-content\"><\/p>\n<p>Unsere Genussentdecker sind weltweit f\u00fcr unsere Kunden im Einsatz. Sei es auf Lebensmittelmessen oder vor Ort bei Produzenten und Lieferanten &#8211; wir haben stets ein Auge und ein Ohr f\u00fcr die News aus der gesamten Lebensmittelbranche und Lieferkette. Gemeinsam mit unseren Partnern entwickeln wir Konzepte und L\u00f6sungen f\u00fcr neueste Foodtrends.<\/p>\n<p><\/div><\/td><\/tr><\/tbody><\/table><\/div><\/div><\/div>\n[\/spb_text_block] [spb_text_block pb_margin_bottom=&#8220;no&#8220; pb_border_bottom=&#8220;no&#8220; width=&#8220;1\/3&#8243; el_position=&#8220;first&#8220;]\n<div class=\"sf-icon-box sf-icon-box-animated\"><div class=\"inner\"><div class=\"front\"><i class=\"fa-hourglass sf-icon sf-icon-float-none sf-icon-large sf-icon-\"><\/i><div class=\"sf-icon-box-content-wrap clearfix\"><h3>24h erreichbar<\/h3><\/div><\/div><div class=\"back sf-icon-\"><table><tbody><tr><td><h3>24h erreichbar<\/h3><div class=\"sf-icon-box-content\"><\/p>\n<p>Auch au\u00dferhalb unserer festen Markt\u00f6ffnungszeiten sind wir gern f\u00fcr unsere Kunden da. Bestellungen oder Nachrichten k\u00f6nnen zudem jederzeit per Mail, Fax oder soziale Medien wie WhatsApp an uns kommuniziert werden.<\/p>\n<p><\/div><\/td><\/tr><\/tbody><\/table><\/div><\/div><\/div>\n[\/spb_text_block] [spb_text_block pb_margin_bottom=&#8220;no&#8220; pb_border_bottom=&#8220;no&#8220; width=&#8220;1\/3&#8243;]\n<div class=\"sf-icon-box sf-icon-box-animated\"><div class=\"inner\"><div class=\"front\"><i class=\"fa-cogs sf-icon sf-icon-float-none sf-icon-large sf-icon-\"><\/i><div class=\"sf-icon-box-content-wrap clearfix\"><h3>Der direkte Weg<\/h3><\/div><\/div><div class=\"back sf-icon-\"><table><tbody><tr><td><h3>Der direkte Weg<\/h3><div class=\"sf-icon-box-content\"><\/p>\n<p>Unsere Waren erreichen uns gr\u00f6\u00dftenteils auf dem schnellsten Weg und direkt ab Ursprung. Zudem erm\u00f6glicht uns sowohl\u00a0ein ausgereiftes Logistiksystem,\u00a0als auch die enge pers\u00f6nliche Zusammenarbeit mit unseren Erzeugern und Partnern, unn\u00f6tige Umwege und Zwischenlagerungen zu vermeiden. Service und Qualit\u00e4t haben hierbei Priorit\u00e4t.<\/p>\n<p><\/div><\/td><\/tr><\/tbody><\/table><\/div><\/div><\/div>\n[\/spb_text_block] [spb_text_block pb_margin_bottom=&#8220;no&#8220; pb_border_bottom=&#8220;no&#8220; width=&#8220;1\/3&#8243; el_position=&#8220;last&#8220;]\n<div class=\"sf-icon-box sf-icon-box-animated\"><div class=\"inner\"><div class=\"front\"><i class=\"fa-paint-brush sf-icon sf-icon-float-none sf-icon-large sf-icon-\"><\/i><div class=\"sf-icon-box-content-wrap clearfix\"><h3>Alles Banane<\/h3><\/div><\/div><div class=\"back sf-icon-\"><table><tbody><tr><td><h3>Alles Banane<\/h3><div class=\"sf-icon-box-content\"><\/p>\n<p>Unsere Unternehmenswurzeln liegen unter anderem in der Bananenreiferei. Die Firma Klaus Borgmann reift ihre Bananen nun schon in der dritten Generation, und zwar per Hand. Wir sind stolz darauf, daher unseren Kunden eine solche exklusive Spezialit\u00e4t anbieten k\u00f6nnen. \u00dcber unsere Bananenreiferei erfahren Sie mehr <a href=\"https:\/\/www.kbf-fruchtvertrieb.de\/?p=13737\">hier<\/a>.<\/p>\n<p><\/div><\/td><\/tr><\/tbody><\/table><\/div><\/div><\/div>\n[\/spb_text_block] [blank_spacer height=&#8220;70px&#8220; width=&#8220;1\/1&#8243; el_position=&#8220;first last&#8220;] [spb_single_image image=&#8220;13936&#8243; image_size=&#8220;full&#8220; frame=&#8220;shadowframe&#8220; intro_animation=&#8220;none&#8220; full_width=&#8220;no&#8220; lightbox=&#8220;yes&#8220; link_target=&#8220;_self&#8220; width=&#8220;1\/3&#8243; el_position=&#8220;first&#8220;] [fullwidth_text alt_background=&#8220;none&#8220; width=&#8220;2\/3&#8243; el_position=&#8220;last&#8220;]\n<p><strong>Qualit\u00e4t und Nachhaltigkeit<\/strong><\/p>\n<p>Das Thema Nachhaltigkeit nehmen wir sehr ernst. Es bedeutet f\u00fcr uns eine Vielzahl sowohl an firmenpolitischen, als auch an\u00a0sozialen und \u00f6konomischen Ans\u00e4tzen. Unseren Fokus richten wir daher auch auf ein effizientes wirtschaftliches und zudem \u00f6kologisches Handeln. Wir arbeiten so stets an den bestm\u00f6glichen umwelt- und sozialvertr\u00e4glichen L\u00f6sungen, um die Bed\u00fcrfnisse unserer Kunden zu befriedigen.<\/p>\n<p>Eine effiziente Ressourcennutzung und -schonung erreichen wir auch durch den Einkauf qualitativ hochwertiger Ware. Hierdurch entstehen generell weniger Warenverluste. Die Gew\u00e4hrleistung der Qualit\u00e4ten stellen wir sowohl durch enge und langj\u00e4hrige Kontakte zu Lieferanten und Produzenten als auch durch pers\u00f6nliche Kontrollen und Auswahlen sicher. Wir stehen ferner in st\u00e4ndiger Kommunikation innerhalb der Warenbewegungskette bis hin zum Kunden. Zudem arbeiten wir an einer wirtschaftlichen und umweltvertr\u00e4glichen effektiven Umsetzung auch besonderer und individueller Kundenw\u00fcnsche. Vertrauen ist gut, aber Kontrolle ist besser. Daher arbeiten wir ausschlie\u00dflich mit zertifizierten Unternehmen zusammen. Unsere Erfahrungen und die steigende Kundennachfrage zeigen, dass der Einkauf und Vertrieb qualitativ hochwertigerer Ware sich somit\u00a0auszahlen.<\/p>\n<p>Zudem haben wir stets ein Auge auf die Umverpackung unserer Produkte. Um unn\u00fctzem Plastikabfall entgegen zu wirken, beziehen wir unter anderem Salate direkt in den Erzeugerkisten und Obst und Gem\u00fcse \u00fcberwiegend in Pappe und Holz oder in Mehrwegsystemen. Ein generell sensibilisierter Umgang im Team zum Thema Abfall und M\u00fcll ist f\u00fcr uns somit eine Selbstverst\u00e4ndlichkeit.<\/p>\n[\/fullwidth_text] [spb_parallax parallax_type=&#8220;image&#8220; bg_image=&#8220;13947&#8243; bg_type=&#8220;cover&#8220; parallax_video_height=&#8220;content-height&#8220; parallax_video_overlay=&#8220;none&#8220; parallax_image_height=&#8220;window-height&#8220; parallax_image_movement=&#8220;fixed&#8220; parallax_image_speed=&#8220;0.5&#8243; padding_horizontal=&#8220;15&#8243; alt_background=&#8220;none&#8220; width=&#8220;1\/1&#8243; el_position=&#8220;first last&#8220;]\n<p>.<\/p>\n[\/spb_parallax] [blank_spacer height=&#8220;70px&#8220; width=&#8220;1\/1&#8243; el_position=&#8220;first last&#8220;] [spb_single_image image=&#8220;14058&#8243; image_size=&#8220;full&#8220; frame=&#8220;noframe&#8220; intro_animation=&#8220;none&#8220; full_width=&#8220;no&#8220; lightbox=&#8220;yes&#8220; link_target=&#8220;_self&#8220; width=&#8220;1\/3&#8243; el_position=&#8220;first&#8220;] [spb_single_image image=&#8220;14048&#8243; image_size=&#8220;full&#8220; frame=&#8220;noframe&#8220; intro_animation=&#8220;none&#8220; full_width=&#8220;no&#8220; lightbox=&#8220;yes&#8220; link_target=&#8220;_self&#8220; width=&#8220;1\/3&#8243;] [spb_single_image image=&#8220;14059&#8243; image_size=&#8220;full&#8220; frame=&#8220;noframe&#8220; intro_animation=&#8220;none&#8220; full_width=&#8220;no&#8220; lightbox=&#8220;yes&#8220; link_target=&#8220;_self&#8220; width=&#8220;1\/3&#8243; el_position=&#8220;last&#8220;]\n","protected":false},"excerpt":{"rendered":"<p>[blank_spacer height=&#8220;70px&#8220; width=&#8220;1\/1&#8243; el_position=&#8220;first last&#8220;] [blank_spacer height=&#8220;10px&#8220; width=&#8220;1\/6&#8243; el_position=&#8220;first&#8220;] [fullwidth_text alt_background=&#8220;none&#8220; width=&#8220;2\/3&#8243;] Service und Qualit\u00e4t sind die Eckpunkte unseres Handelns. Als Resultat unserer langj\u00e4hrigen Erfahrung, begreifen wir den Lebensmittelhandel als ein komplexes und lebendiges Feld. Unsere Offenheit und Flexibilit\u00e4t spiegelt sich unter anderem\u00a0in unserer Motivation wider, stets individuell auf die wechselnden Anforderungen unserer Kunden einzugehen und sich ferner schnell den [&hellip;]<\/p>\n","protected":false},"author":10,"featured_media":0,"parent":0,"menu_order":0,"comment_status":"closed","ping_status":"closed","template":"","meta":{"footnotes":""},"_links":{"self":[{"href":"https:\/\/www.kbf-fruchtvertrieb.de\/index.php?rest_route=\/wp\/v2\/pages\/13636"}],"collection":[{"href":"https:\/\/www.kbf-fruchtvertrieb.de\/index.php?rest_route=\/wp\/v2\/pages"}],"about":[{"href":"https:\/\/www.kbf-fruchtvertrieb.de\/index.php?rest_route=\/wp\/v2\/types\/page"}],"author":[{"embeddable":true,"href":"https:\/\/www.kbf-fruchtvertrieb.de\/index.php?rest_route=\/wp\/v2\/users\/10"}],"replies":[{"embeddable":true,"href":"https:\/\/www.kbf-fruchtvertrieb.de\/index.php?rest_route=%2Fwp%2Fv2%2Fcomments&post=13636"}],"version-history":[{"count":95,"href":"https:\/\/www.kbf-fruchtvertrieb.de\/index.php?rest_route=\/wp\/v2\/pages\/13636\/revisions"}],"predecessor-version":[{"id":14127,"href":"https:\/\/www.kbf-fruchtvertrieb.de\/index.php?rest_route=\/wp\/v2\/pages\/13636\/revisions\/14127"}],"wp:attachment":[{"href":"https:\/\/www.kbf-fruchtvertrieb.de\/index.php?rest_route=%2Fwp%2Fv2%2Fmedia&parent=13636"}],"curies":[{"name":"wp","href":"https:\/\/api.w.org\/{rel}","templated":true}]}}