{"id":13972,"date":"2020-03-09T12:37:52","date_gmt":"2020-03-09T12:37:52","guid":{"rendered":"http:\/\/www.kbf-fruchtvertrieb.de\/?page_id=13972"},"modified":"2022-08-26T08:07:51","modified_gmt":"2022-08-26T08:07:51","slug":"unser-team","status":"publish","type":"page","link":"https:\/\/www.kbf-fruchtvertrieb.de\/?page_id=13972","title":{"rendered":"Unser Team"},"content":{"rendered":"[blank_spacer height=&#8220;30px&#8220; width=&#8220;1\/4&#8243; el_position=&#8220;first&#8220;] [spb_text_block pb_margin_bottom=&#8220;no&#8220; pb_border_bottom=&#8220;no&#8220; width=&#8220;1\/2&#8243;]\n<h4 style=\"text-align: center;\">Unser Team stellt sich vor.<\/h4>\n<h4 style=\"text-align: center;\">Wir sind international. Unsere Teamzusammensetzung erm\u00f6glicht uns auch das Einbringen zahlreicher Sprachkompetenzen. Wir freuen uns dar\u00fcber mit unseren Kunden\u00a0auf Polnisch, Griechisch, Englisch, T\u00fcrkisch und nat\u00fcrlich auch Plattdeutsch kommunizieren zu k\u00f6nnen.<\/h4>\n[\/spb_text_block] [blank_spacer height=&#8220;30px&#8220; width=&#8220;1\/4&#8243; el_position=&#8220;last&#8220;] [blank_spacer height=&#8220;30px&#8220; width=&#8220;1\/1&#8243; el_position=&#8220;first last&#8220;] [blank_spacer height=&#8220;30px&#8220; width=&#8220;1\/3&#8243; el_position=&#8220;first&#8220;] [spb_single_image image=&#8220;14080&#8243; image_size=&#8220;full&#8220; frame=&#8220;noframe&#8220; intro_animation=&#8220;none&#8220; full_width=&#8220;no&#8220; lightbox=&#8220;yes&#8220; link_target=&#8220;_self&#8220; width=&#8220;1\/3&#8243;] [blank_spacer height=&#8220;30px&#8220; width=&#8220;1\/3&#8243; el_position=&#8220;last&#8220;] [blank_spacer height=&#8220;30px&#8220; width=&#8220;1\/3&#8243; el_position=&#8220;first&#8220;] [spb_text_block pb_margin_bottom=&#8220;no&#8220; pb_border_bottom=&#8220;no&#8220; width=&#8220;1\/3&#8243;]\n<h4>Tobias Borgmann<\/h4>\n<h4><em>Gesch\u00e4ftsf\u00fchrung<\/em><\/h4>\n[\/spb_text_block] [blank_spacer height=&#8220;30px&#8220; width=&#8220;1\/3&#8243; el_position=&#8220;last&#8220;] [spb_single_image image=&#8220;14083&#8243; image_size=&#8220;full&#8220; frame=&#8220;noframe&#8220; intro_animation=&#8220;none&#8220; full_width=&#8220;no&#8220; lightbox=&#8220;yes&#8220; link_target=&#8220;_self&#8220; width=&#8220;1\/3&#8243; el_position=&#8220;first&#8220;] [spb_single_image image=&#8220;14089&#8243; image_size=&#8220;full&#8220; frame=&#8220;noframe&#8220; intro_animation=&#8220;none&#8220; full_width=&#8220;no&#8220; lightbox=&#8220;yes&#8220; link_target=&#8220;_self&#8220; width=&#8220;1\/3&#8243;] [spb_single_image image=&#8220;14087&#8243; image_size=&#8220;full&#8220; frame=&#8220;noframe&#8220; intro_animation=&#8220;none&#8220; full_width=&#8220;no&#8220; lightbox=&#8220;yes&#8220; link_target=&#8220;_self&#8220; width=&#8220;1\/3&#8243; el_position=&#8220;last&#8220;] [spb_text_block pb_margin_bottom=&#8220;no&#8220; pb_border_bottom=&#8220;no&#8220; width=&#8220;1\/3&#8243; el_position=&#8220;first&#8220;]\n<h4>Femke\u00a0Borgmann<\/h4>\n<h4><em>Verkauf<\/em><\/h4>\n<p>&nbsp;<\/p>\n[\/spb_text_block] [spb_text_block pb_margin_bottom=&#8220;no&#8220; pb_border_bottom=&#8220;no&#8220; width=&#8220;1\/3&#8243;]\n<h4>Rainer Beckmann<\/h4>\n<h4><em>Verkauf<\/em><\/h4>\n<p>&nbsp;<\/p>\n[\/spb_text_block] [spb_text_block pb_margin_bottom=&#8220;no&#8220; pb_border_bottom=&#8220;no&#8220; width=&#8220;1\/3&#8243; el_position=&#8220;last&#8220;]\n<h4>Beniamin Lazurek<\/h4>\n<h4><em>Lager<\/em><\/h4>\n[\/spb_text_block] [spb_single_image image=&#8220;14086&#8243; image_size=&#8220;full&#8220; frame=&#8220;noframe&#8220; intro_animation=&#8220;none&#8220; full_width=&#8220;no&#8220; lightbox=&#8220;yes&#8220; link_target=&#8220;_self&#8220; width=&#8220;1\/3&#8243; el_position=&#8220;first&#8220;] [spb_single_image image=&#8220;14175&#8243; image_size=&#8220;full&#8220; frame=&#8220;noframe&#8220; intro_animation=&#8220;none&#8220; full_width=&#8220;no&#8220; lightbox=&#8220;yes&#8220; link_target=&#8220;_self&#8220; width=&#8220;1\/3&#8243;] [spb_single_image image=&#8220;14090&#8243; image_size=&#8220;full&#8220; frame=&#8220;noframe&#8220; intro_animation=&#8220;none&#8220; full_width=&#8220;no&#8220; lightbox=&#8220;yes&#8220; link_target=&#8220;_self&#8220; width=&#8220;1\/3&#8243; el_position=&#8220;last&#8220;] [spb_text_block pb_margin_bottom=&#8220;no&#8220; pb_border_bottom=&#8220;no&#8220; width=&#8220;1\/3&#8243; el_position=&#8220;first&#8220;]\n<h4>Skedirlajd Qerimaj<\/h4>\n<h4><em>Lager<\/em><\/h4>\n[\/spb_text_block] [spb_text_block pb_margin_bottom=&#8220;no&#8220; pb_border_bottom=&#8220;no&#8220; width=&#8220;1\/3&#8243;]\n<h4>Lennart Pries<\/h4>\n<h4><em>Betreuung LEH<\/em><\/h4>\n[\/spb_text_block] [spb_text_block pb_margin_bottom=&#8220;no&#8220; pb_border_bottom=&#8220;no&#8220; width=&#8220;1\/3&#8243; el_position=&#8220;last&#8220;]\n<h4>Tobias Busch<\/h4>\n<h4><em>Verkauf<\/em><\/h4>\n[\/spb_text_block] [spb_single_image image=&#8220;14176&#8243; image_size=&#8220;full&#8220; frame=&#8220;noframe&#8220; intro_animation=&#8220;none&#8220; full_width=&#8220;no&#8220; lightbox=&#8220;yes&#8220; link_target=&#8220;_self&#8220; width=&#8220;1\/3&#8243; el_position=&#8220;first&#8220;] [spb_single_image image=&#8220;14177&#8243; image_size=&#8220;full&#8220; frame=&#8220;noframe&#8220; intro_animation=&#8220;none&#8220; full_width=&#8220;no&#8220; lightbox=&#8220;yes&#8220; link_target=&#8220;_self&#8220; width=&#8220;1\/3&#8243;] [spb_single_image image=&#8220;14178&#8243; image_size=&#8220;full&#8220; frame=&#8220;noframe&#8220; intro_animation=&#8220;none&#8220; full_width=&#8220;no&#8220; lightbox=&#8220;yes&#8220; link_target=&#8220;_self&#8220; width=&#8220;1\/3&#8243; el_position=&#8220;last&#8220;] [spb_text_block pb_margin_bottom=&#8220;no&#8220; pb_border_bottom=&#8220;no&#8220; width=&#8220;1\/3&#8243; el_position=&#8220;first&#8220;]\n<h4>Selahattin Mercan<\/h4>\n<h4><em>Stand Spaplerfahrer<\/em><\/h4>\n[\/spb_text_block] [spb_text_block pb_margin_bottom=&#8220;no&#8220; pb_border_bottom=&#8220;no&#8220; width=&#8220;1\/3&#8243;]\n<h4>Duran Kaya<\/h4>\n<h4><em>Lager<\/em><\/h4>\n[\/spb_text_block] [spb_text_block pb_margin_bottom=&#8220;no&#8220; pb_border_bottom=&#8220;no&#8220; width=&#8220;1\/3&#8243; el_position=&#8220;last&#8220;]\n<h4>Ardit Qerimaj<\/h4>\n<h4><em>Lager<\/em><\/h4>\n[\/spb_text_block] [spb_single_image image=&#8220;14179&#8243; image_size=&#8220;full&#8220; frame=&#8220;noframe&#8220; intro_animation=&#8220;none&#8220; full_width=&#8220;no&#8220; lightbox=&#8220;yes&#8220; link_target=&#8220;_self&#8220; width=&#8220;1\/3&#8243; el_position=&#8220;first&#8220;] [spb_single_image image=&#8220;14180&#8243; image_size=&#8220;full&#8220; frame=&#8220;noframe&#8220; intro_animation=&#8220;none&#8220; full_width=&#8220;no&#8220; lightbox=&#8220;yes&#8220; link_target=&#8220;_self&#8220; width=&#8220;1\/3&#8243;] [spb_single_image image=&#8220;14181&#8243; image_size=&#8220;full&#8220; frame=&#8220;noframe&#8220; intro_animation=&#8220;none&#8220; full_width=&#8220;no&#8220; lightbox=&#8220;yes&#8220; link_target=&#8220;_self&#8220; width=&#8220;1\/3&#8243; el_position=&#8220;last&#8220;] [spb_text_block pb_margin_bottom=&#8220;no&#8220; pb_border_bottom=&#8220;no&#8220; width=&#8220;1\/3&#8243; el_position=&#8220;first&#8220;]\n<h4>Mirco-Marcel Ahrens<\/h4>\n<h4><em>Betreuung LEH<\/em><\/h4>\n[\/spb_text_block] [spb_text_block pb_margin_bottom=&#8220;no&#8220; pb_border_bottom=&#8220;no&#8220; width=&#8220;1\/3&#8243;]\n<h4>Michael Lapp<\/h4>\n<h4><em>Verkauf Lager<\/em><\/h4>\n[\/spb_text_block] [spb_text_block pb_margin_bottom=&#8220;no&#8220; pb_border_bottom=&#8220;no&#8220; width=&#8220;1\/3&#8243; el_position=&#8220;last&#8220;]\n<h4>Philipp Siedletzki<\/h4>\n<h4><em>Lager<\/em><\/h4>\n[\/spb_text_block]\n","protected":false},"excerpt":{"rendered":"<p>[blank_spacer height=&#8220;30px&#8220; width=&#8220;1\/4&#8243; el_position=&#8220;first&#8220;] [spb_text_block pb_margin_bottom=&#8220;no&#8220; pb_border_bottom=&#8220;no&#8220; width=&#8220;1\/2&#8243;] Unser Team stellt sich vor. Wir sind international. Unsere Teamzusammensetzung erm\u00f6glicht uns auch das Einbringen zahlreicher Sprachkompetenzen. Wir freuen uns dar\u00fcber mit unseren Kunden\u00a0auf Polnisch, Griechisch, Englisch, T\u00fcrkisch und nat\u00fcrlich auch Plattdeutsch kommunizieren zu k\u00f6nnen. [\/spb_text_block] [blank_spacer height=&#8220;30px&#8220; width=&#8220;1\/4&#8243; el_position=&#8220;last&#8220;] [blank_spacer height=&#8220;30px&#8220; width=&#8220;1\/1&#8243; el_position=&#8220;first last&#8220;] [blank_spacer height=&#8220;30px&#8220; width=&#8220;1\/3&#8243; el_position=&#8220;first&#8220;] [spb_single_image image=&#8220;14080&#8243; image_size=&#8220;full&#8220; [&hellip;]<\/p>\n","protected":false},"author":10,"featured_media":0,"parent":0,"menu_order":0,"comment_status":"closed","ping_status":"closed","template":"","meta":{"footnotes":""},"_links":{"self":[{"href":"https:\/\/www.kbf-fruchtvertrieb.de\/index.php?rest_route=\/wp\/v2\/pages\/13972"}],"collection":[{"href":"https:\/\/www.kbf-fruchtvertrieb.de\/index.php?rest_route=\/wp\/v2\/pages"}],"about":[{"href":"https:\/\/www.kbf-fruchtvertrieb.de\/index.php?rest_route=\/wp\/v2\/types\/page"}],"author":[{"embeddable":true,"href":"https:\/\/www.kbf-fruchtvertrieb.de\/index.php?rest_route=\/wp\/v2\/users\/10"}],"replies":[{"embeddable":true,"href":"https:\/\/www.kbf-fruchtvertrieb.de\/index.php?rest_route=%2Fwp%2Fv2%2Fcomments&post=13972"}],"version-history":[{"count":51,"href":"https:\/\/www.kbf-fruchtvertrieb.de\/index.php?rest_route=\/wp\/v2\/pages\/13972\/revisions"}],"predecessor-version":[{"id":14182,"href":"https:\/\/www.kbf-fruchtvertrieb.de\/index.php?rest_route=\/wp\/v2\/pages\/13972\/revisions\/14182"}],"wp:attachment":[{"href":"https:\/\/www.kbf-fruchtvertrieb.de\/index.php?rest_route=%2Fwp%2Fv2%2Fmedia&parent=13972"}],"curies":[{"name":"wp","href":"https:\/\/api.w.org\/{rel}","templated":true}]}}