{"id":7606,"date":"2013-03-09T05:01:39","date_gmt":"2013-03-09T05:01:39","guid":{"rendered":"http:\/\/themes.swiftpsd.com\/test\/flexform\/?page_id=7606"},"modified":"2023-01-11T06:20:56","modified_gmt":"2023-01-11T06:20:56","slug":"home","status":"publish","type":"page","link":"https:\/\/www.kbf-fruchtvertrieb.de\/","title":{"rendered":"Homepage"},"content":{"rendered":"[blank_spacer height=&#8220;70px&#8220; width=&#8220;1\/1&#8243; el_position=&#8220;first last&#8220;] [spb_column width=&#8220;2\/3&#8243; el_position=&#8220;first&#8220;] [spb_text_block title=&#8220;\u00dcber uns&#8220; pb_margin_bottom=&#8220;no&#8220; pb_border_bottom=&#8220;no&#8220; width=&#8220;1\/1&#8243; el_position=&#8220;first last&#8220;]\n<p>Die KBF Fruchtvertrieb Hamburg GmbH &amp; Co. KG ist eines der f\u00fchrenden Frucht\u00adgro\u00df\u00adhandels\u00adunternehmen im Herzen der Hansestadt Hamburg. Seit 2010 versorgen wir als inhaber\u00adgef\u00fchrtes mittel\u00adst\u00e4ndisches Unter\u00adnehmen unsere Kunden in allen Handels\u00adstufen mit Frische\u00adprodukten aus dem kompletten Obst- und Gem\u00fcse\u00adsortiment. Sowohl regionale und saisonale, als auch internationale und exotische Produkte finden Sie bei uns.<\/p>\n<p>Wir arbeiten daher weltweit eng mit zahlreichen Produzenten zusammen und vertreiben qualitativ hochwertige Marken.<\/p>\n<p>Besuchen Sie auch unseren KBF Fruchtvertrieb Abholmarkt auf dem Hamburger Gro\u00dfmarkt!<\/p>\n<h4><strong><span style=\"color: #808080;\">\u00a0<\/span><\/strong><\/h4>\n[\/spb_text_block] [\/spb_column] [boxed_content type=&#8220;whitestroke&#8220; pb_margin_bottom=&#8220;no&#8220; width=&#8220;1\/3&#8243; el_position=&#8220;last&#8220;]\n            <div class=\"oxi-addons-container noLightbox oxi-image-hover-wrapper-3 \" id=\"oxi-image-hover-wrapper-3\">\r\n                <div class=\"oxi-addons-row\">\r\n                                <div class=\"oxi-image-hover-style oxi-bt-col-lg-12 oxi-bt-col-md-12 oxi-bt-col-sm-12  \" sa-data-animation=\"zoomIn\" sa-data-animation-duration=\"1000ms\">\r\n                <div class=\"oxi-image-hover-style-general\">\r\n                    <div class=\"oxi-image-hover oxi-image-general-hover oxi-image-general-hover-style-10 oxi-image-general-hover-3-5\">\r\n                                                    <div class=\"oxi-image-hover-figure top_to_bottom\">\r\n                                <div class=\"oxi-image-hover-image\">\r\n                                    <img decoding=\"async\" src=\"https:\/\/www.kbf-fruchtvertrieb.de\/wp-content\/uploads\/2020\/03\/Stand-2-klein.jpg\" >\r\n                                <\/div>\r\n                                <div class=\"oxi-image-hover-figure-caption\">\r\n                                    <div class=\"oxi-image-hover-caption-tab   image-hover-align-center-center\">\r\n                                        \r\n                                            <h3 class=\"oxi-image-hover-heading iheu-fade-up  \">Unser Markstand<\/h3>\r\n                                                       \r\n                                    <\/div>\r\n                                <\/div>\r\n                            <\/div>\r\n                                                <\/div>\r\n                <\/div>\r\n                            <\/div>\r\n                            <\/div>\r\n            <\/div>\r\n        \n[\/boxed_content] [blank_spacer height=&#8220;30px&#8220; width=&#8220;1\/1&#8243; el_position=&#8220;first last&#8220;] [spb_icon_box title=&#8220;Wer sind wir?&#8220; box_type=&#8220;standard&#8220; image=&#8220;fa-child&#8220; color=&#8220;standard&#8220; target=&#8220;_self&#8220; animation=&#8220;none&#8220; animation_delay=&#8220;0&#8243; width=&#8220;1\/3&#8243; el_position=&#8220;first&#8220;]\n<p style=\"text-align: left;\">Unser\u00a0junges, aber dennoch erfahrenes <a href=\"https:\/\/www.kbf-fruchtvertrieb.de\/?page_id=13972\">Team<\/a> von derzeit 14 internationalen Mitarbeitern ist in den Bereichen Ein- und Verkauf,\u00a0 Logistik, Lager, Kasse und Reinigung t\u00e4tig. Wir k\u00f6nnen seit drei Generationen Erfahrung im Lebensmittelhandel vorweisen. Au\u00dferdem sind wir stolz auf den herausragend guten Teamspirit, der uns auszeichnet und authentisch macht.<\/p>\n[\/spb_icon_box] [spb_icon_box title=&#8220;Was tun wir?&#8220; box_type=&#8220;standard&#8220; image=&#8220;fa-comments&#8220; color=&#8220;standard&#8220; target=&#8220;_self&#8220; animation=&#8220;none&#8220; animation_delay=&#8220;0&#8243; width=&#8220;1\/3&#8243;]\n<p style=\"text-align: left;\">Unser Fokus liegt auf dem Direktimport und Vertrieb frischer Lebensmittel. Hierf\u00fcr pflegen wir weltweit enge und langj\u00e4hrige Beziehungen zu Produzenten und Lieferanten.\u00a0Die KBF Fruchtvertrieb Hamburg GmbH &amp; Co.KG\u00a0versteht die Lebensmittelbranche als ein sich stetig ver\u00e4nderndes dynamisches Feld. Daher sehen wir sowohl eine vertrauensvolle Zusammenarbeit mit unseren Lieferanten als auch eine pers\u00f6nliche und direkte Kommunikation mit unseren Kunden als essentiell an. Denn nur so k\u00f6nnen wir schnell auf Ver\u00e4nderungen von Marktsituationen reagieren, um reibungslose Abl\u00e4ufe in der gesamten Lieferkette zu gew\u00e4hrleisten\u00a0sowie schnelle kundenorientierte L\u00f6sungsans\u00e4tze mit dem besten Service erstellen zu k\u00f6nnen.<\/p>\n[\/spb_icon_box] [spb_icon_box title=&#8220;Was haben wir?&#8220; box_type=&#8220;standard&#8220; image=&#8220;fa-binoculars&#8220; color=&#8220;standard&#8220; target=&#8220;_self&#8220; animation=&#8220;none&#8220; animation_delay=&#8220;0&#8243; width=&#8220;1\/3&#8243; el_position=&#8220;last&#8220;]\n<p style=\"text-align: left;\">Unsere Produktpalette frischer Lebensmittel umfasst das komplette Obst- und Gem\u00fcsesortiment in allen Handelsstufen. Neben dem Exklusivvertrieb u.a. der Marken Exagro, Caparr\u00f2s und San Lucar, erhalten wir unsere Waren aus dem regionalen, nationalen und internationalen Anbau. Besonders stolz sind wir auf unsere Fyffes Bananen, die\u00a0 unsere Kunden aus familieneigener Handreifung erhalten.<\/p>\n[\/spb_icon_box] [blank_spacer height=&#8220;40px&#8220; width=&#8220;1\/1&#8243; el_position=&#8220;last&#8220;] [spb_parallax parallax_type=&#8220;image&#8220; bg_image=&#8220;13718&#8243; bg_type=&#8220;cover&#8220; parallax_video_height=&#8220;content-height&#8220; parallax_video_overlay=&#8220;none&#8220; parallax_image_height=&#8220;window-height&#8220; parallax_image_movement=&#8220;fixed&#8220; parallax_image_speed=&#8220;0.5&#8243; padding_horizontal=&#8220;15&#8243; alt_background=&#8220;none&#8220; width=&#8220;1\/1&#8243; el_position=&#8220;first last&#8220;]\n<p><span style=\"color: #ccffff;\">.<\/span><\/p>\n[\/spb_parallax] [blank_spacer height=&#8220;30px&#8220; width=&#8220;1\/1&#8243; el_position=&#8220;first last&#8220;] [posts_carousel title=&#8220;Frische News&#8220; item_count=&#8220;12&#8243; category=&#8220;All,news&#8220; offset=&#8220;0&#8243; posts_order=&#8220;ASC&#8220; show_title=&#8220;yes&#8220; show_excerpt=&#8220;yes&#8220; show_details=&#8220;yes&#8220; excerpt_length=&#8220;20&#8243; width=&#8220;1\/1&#8243; el_position=&#8220;first last&#8220;]\n","protected":false},"excerpt":{"rendered":"<p>[blank_spacer height=&#8220;70px&#8220; width=&#8220;1\/1&#8243; el_position=&#8220;first last&#8220;] [spb_column width=&#8220;2\/3&#8243; el_position=&#8220;first&#8220;] [spb_text_block title=&#8220;\u00dcber uns&#8220; pb_margin_bottom=&#8220;no&#8220; pb_border_bottom=&#8220;no&#8220; width=&#8220;1\/1&#8243; el_position=&#8220;first last&#8220;] Die KBF Fruchtvertrieb Hamburg GmbH &amp; Co. KG ist eines der f\u00fchrenden Frucht\u00adgro\u00df\u00adhandels\u00adunternehmen im Herzen der Hansestadt Hamburg. Seit 2010 versorgen wir als inhaber\u00adgef\u00fchrtes mittel\u00adst\u00e4ndisches Unter\u00adnehmen unsere Kunden in allen Handels\u00adstufen mit Frische\u00adprodukten aus dem kompletten Obst- und Gem\u00fcse\u00adsortiment. Sowohl regionale und saisonale, als [&hellip;]<\/p>\n","protected":false},"author":1,"featured_media":0,"parent":0,"menu_order":0,"comment_status":"closed","ping_status":"closed","template":"","meta":{"footnotes":""},"_links":{"self":[{"href":"https:\/\/www.kbf-fruchtvertrieb.de\/index.php?rest_route=\/wp\/v2\/pages\/7606"}],"collection":[{"href":"https:\/\/www.kbf-fruchtvertrieb.de\/index.php?rest_route=\/wp\/v2\/pages"}],"about":[{"href":"https:\/\/www.kbf-fruchtvertrieb.de\/index.php?rest_route=\/wp\/v2\/types\/page"}],"author":[{"embeddable":true,"href":"https:\/\/www.kbf-fruchtvertrieb.de\/index.php?rest_route=\/wp\/v2\/users\/1"}],"replies":[{"embeddable":true,"href":"https:\/\/www.kbf-fruchtvertrieb.de\/index.php?rest_route=%2Fwp%2Fv2%2Fcomments&post=7606"}],"version-history":[{"count":161,"href":"https:\/\/www.kbf-fruchtvertrieb.de\/index.php?rest_route=\/wp\/v2\/pages\/7606\/revisions"}],"predecessor-version":[{"id":14186,"href":"https:\/\/www.kbf-fruchtvertrieb.de\/index.php?rest_route=\/wp\/v2\/pages\/7606\/revisions\/14186"}],"wp:attachment":[{"href":"https:\/\/www.kbf-fruchtvertrieb.de\/index.php?rest_route=%2Fwp%2Fv2%2Fmedia&parent=7606"}],"curies":[{"name":"wp","href":"https:\/\/api.w.org\/{rel}","templated":true}]}}